{"id":10,"date":"2026-03-27T14:59:18","date_gmt":"2026-03-27T13:59:18","guid":{"rendered":"https:\/\/wp17.cours-copm2061.helha.be\/?page_id=10"},"modified":"2026-04-24T15:34:24","modified_gmt":"2026-04-24T13:34:24","slug":"menu","status":"publish","type":"page","link":"https:\/\/wp17.cours-copm2061.helha.be\/?page_id=10","title":{"rendered":"Notre menu"},"content":{"rendered":"\n<h2 class=\"wp-block-heading has-text-align-center has-text-color has-link-color wp-elements-9201ae0b94061d71ec89b3c38056d5f0\" style=\"color:#f59040\"><em>Savourez l&rsquo;Espagne, une croquette \u00e0 la fois <\/em><\/h2>\n\n\n\n<div style=\"height:40px\" aria-hidden=\"true\" class=\"wp-block-spacer\"><\/div>\n\n\n\n<div class=\"wp-block-columns is-layout-flex wp-container-core-columns-is-layout-28f84493 wp-block-columns-is-layout-flex\">\n<div class=\"wp-block-column is-layout-flow wp-block-column-is-layout-flow\">\n<h2 class=\"wp-block-heading has-text-align-center is-style-text-annotation has-background is-style-text-annotation--1\" style=\"background-color:#ffd8a9;margin-top:0;margin-bottom:0;font-size:clamp(0.875rem, 0.875rem + ((1vw - 0.2rem) * 0.039), 0.9rem);font-style:normal;font-weight:500;text-transform:none\">\u2b50\ufe0f<strong>Les classiques<\/strong>\u2b50\ufe0f<\/h2>\n\n\n\n<ul class=\"wp-block-list is-style-default\">\n<li class=\"has-medium-font-size\" style=\"border-top-left-radius:0px;border-top-right-radius:0px;border-bottom-left-radius:0px;border-bottom-right-radius:0px\">Jambon Serrano &amp; Fromage Manchego<\/li>\n\n\n\n<li class=\"has-medium-font-size\" style=\"border-top-left-radius:0px;border-top-right-radius:0px;border-bottom-left-radius:0px;border-bottom-right-radius:0px\">Poulet au paprika fum\u00e9<\/li>\n\n\n\n<li class=\"has-medium-font-size\" style=\"border-top-left-radius:0px;border-top-right-radius:0px;border-bottom-left-radius:0px;border-bottom-right-radius:0px\">\u00c9pinards &amp; Ricotta<\/li>\n<\/ul>\n<\/div>\n\n\n\n<div class=\"wp-block-column is-layout-flow wp-block-column-is-layout-flow\">\n<h2 class=\"wp-block-heading has-text-align-center is-style-text-annotation has-background is-style-text-annotation--2\" style=\"background-color:#ffd8a9;font-size:clamp(0.875rem, 0.875rem + ((1vw - 0.2rem) * 0.039), 0.9rem);font-style:normal;font-weight:500;text-transform:none\">\ud83d\udd25<strong>Les cr\u00e9ations du moment<\/strong> \ud83d\udd25<\/h2>\n\n\n\n<ul class=\"wp-block-list\">\n<li class=\"has-medium-font-size\">Chorizo &amp; Poivrons<\/li>\n\n\n\n<li class=\"has-medium-font-size\">Crevettes &amp; A\u00efloi<\/li>\n\n\n\n<li class=\"has-medium-font-size\">Boeuf sauce \u00e9pic\u00e9e<\/li>\n<\/ul>\n<\/div>\n<\/div>\n\n\n\n<div class=\"wp-block-columns is-layout-flex wp-container-core-columns-is-layout-28f84493 wp-block-columns-is-layout-flex\">\n<div class=\"wp-block-column is-layout-flow wp-block-column-is-layout-flow\">\n<p class=\"has-text-align-center\" style=\"font-size:clamp(0.875rem, 0.875rem + ((1vw - 0.2rem) * 0.353), 1.1rem);font-style:normal;font-weight:500\"><strong>\u00c0 l&rsquo;unit\u00e9 : 1,5 \u20ac &#8211; 2 \u20ac<\/strong><\/p>\n<\/div>\n\n\n\n<div class=\"wp-block-column is-layout-flow wp-block-column-is-layout-flow\">\n<p class=\"has-text-align-center\" style=\"font-size:clamp(0.875rem, 0.875rem + ((1vw - 0.2rem) * 0.353), 1.1rem);font-style:normal;font-weight:500\"><strong>\u00c0 l&rsquo;unit\u00e9 : 1,5 \u20ac &#8211; 2 \u20ac<\/strong><\/p>\n<\/div>\n<\/div>\n\n\n\n<figure class=\"wp-block-gallery has-nested-images columns-default is-cropped wp-block-gallery-3 is-layout-flex wp-block-gallery-is-layout-flex\">\n<figure class=\"wp-block-image aligncenter size-full is-style-default\" style=\"margin-top:0;margin-right:166px;margin-bottom:0;margin-left:166px\"><img loading=\"lazy\" decoding=\"async\" width=\"1536\" height=\"1024\" data-id=\"128\" src=\"https:\/\/wp17.cours-copm2061.helha.be\/wp-content\/uploads\/2026\/04\/croquettes_plate_compressed_v2-1.jpg\" alt=\"\" class=\"wp-image-128\" srcset=\"https:\/\/wp17.cours-copm2061.helha.be\/wp-content\/uploads\/2026\/04\/croquettes_plate_compressed_v2-1.jpg 1536w, https:\/\/wp17.cours-copm2061.helha.be\/wp-content\/uploads\/2026\/04\/croquettes_plate_compressed_v2-1-300x200.jpg 300w, https:\/\/wp17.cours-copm2061.helha.be\/wp-content\/uploads\/2026\/04\/croquettes_plate_compressed_v2-1-1024x683.jpg 1024w, https:\/\/wp17.cours-copm2061.helha.be\/wp-content\/uploads\/2026\/04\/croquettes_plate_compressed_v2-1-768x512.jpg 768w\" sizes=\"auto, (max-width: 1536px) 100vw, 1536px\" \/><\/figure>\n<\/figure>\n\n\n\n<div style=\"height:40px\" aria-hidden=\"true\" class=\"wp-block-spacer\"><\/div>\n\n\n\n<p class=\"is-style-text-annotation has-background has-medium-font-size is-style-text-annotation--4\" style=\"background-color:#ffd8a9;font-style:normal;font-weight:500;text-transform:none;writing-mode:horizontal-tb\"><strong>Formules<\/strong><\/p>\n\n\n\n<div class=\"wp-block-columns is-layout-flex wp-container-core-columns-is-layout-28f84493 wp-block-columns-is-layout-flex\">\n<div class=\"wp-block-column is-layout-flow wp-block-column-is-layout-flow\">\n<p>4 croquettes<\/p>\n\n\n\n<p class=\"has-small-font-size\">+ accompagnement ou boisson<\/p>\n<\/div>\n\n\n\n<div class=\"wp-block-column is-layout-flow wp-block-column-is-layout-flow\">\n<p>6 croquettes<\/p>\n\n\n\n<p class=\"has-small-font-size\">+ accompagnement ou boisson<\/p>\n<\/div>\n<\/div>\n\n\n\n<div class=\"wp-block-columns is-layout-flex wp-container-core-columns-is-layout-28f84493 wp-block-columns-is-layout-flex\">\n<div class=\"wp-block-column is-layout-flow wp-block-column-is-layout-flow\">\n<figure class=\"wp-block-gallery has-nested-images columns-default is-cropped wp-block-gallery-5 is-layout-flex wp-block-gallery-is-layout-flex\">\n<figure class=\"wp-block-image size-large\"><img loading=\"lazy\" decoding=\"async\" width=\"1024\" height=\"683\" data-id=\"140\" src=\"https:\/\/wp17.cours-copm2061.helha.be\/wp-content\/uploads\/2026\/04\/croquettes_compressed-1024x683.jpg\" alt=\"\" class=\"wp-image-140\" srcset=\"https:\/\/wp17.cours-copm2061.helha.be\/wp-content\/uploads\/2026\/04\/croquettes_compressed-1024x683.jpg 1024w, https:\/\/wp17.cours-copm2061.helha.be\/wp-content\/uploads\/2026\/04\/croquettes_compressed-300x200.jpg 300w, https:\/\/wp17.cours-copm2061.helha.be\/wp-content\/uploads\/2026\/04\/croquettes_compressed-768x512.jpg 768w, https:\/\/wp17.cours-copm2061.helha.be\/wp-content\/uploads\/2026\/04\/croquettes_compressed.jpg 1536w\" sizes=\"auto, (max-width: 1024px) 100vw, 1024px\" \/><\/figure>\n<\/figure>\n<\/div>\n\n\n\n<div class=\"wp-block-column is-layout-flow wp-block-column-is-layout-flow\">\n<figure class=\"wp-block-gallery has-nested-images columns-default is-cropped wp-block-gallery-6 is-layout-flex wp-block-gallery-is-layout-flex\">\n<figure class=\"wp-block-image size-large\"><img loading=\"lazy\" decoding=\"async\" width=\"1024\" height=\"683\" data-id=\"142\" src=\"https:\/\/wp17.cours-copm2061.helha.be\/wp-content\/uploads\/2026\/04\/croquettes_6_compressed-1024x683.jpg\" alt=\"\" class=\"wp-image-142\" srcset=\"https:\/\/wp17.cours-copm2061.helha.be\/wp-content\/uploads\/2026\/04\/croquettes_6_compressed-1024x683.jpg 1024w, https:\/\/wp17.cours-copm2061.helha.be\/wp-content\/uploads\/2026\/04\/croquettes_6_compressed-300x200.jpg 300w, https:\/\/wp17.cours-copm2061.helha.be\/wp-content\/uploads\/2026\/04\/croquettes_6_compressed-768x512.jpg 768w, https:\/\/wp17.cours-copm2061.helha.be\/wp-content\/uploads\/2026\/04\/croquettes_6_compressed.jpg 1536w\" sizes=\"auto, (max-width: 1024px) 100vw, 1024px\" \/><\/figure>\n<\/figure>\n<\/div>\n<\/div>\n\n\n\n<div class=\"wp-block-columns is-layout-flex wp-container-core-columns-is-layout-28f84493 wp-block-columns-is-layout-flex\">\n<div class=\"wp-block-column is-layout-flow wp-block-column-is-layout-flow\">\n<p class=\"has-text-align-center has-medium-font-size\" style=\"font-style:normal;font-weight:500\">8 \u20ac<\/p>\n<\/div>\n\n\n\n<div class=\"wp-block-column is-layout-flow wp-block-column-is-layout-flow\">\n<p class=\"has-text-align-center has-medium-font-size\" style=\"font-style:normal;font-weight:500\"><strong>10 \u20ac<\/strong><\/p>\n<\/div>\n<\/div>\n\n\n\n<div style=\"height:40px\" aria-hidden=\"true\" class=\"wp-block-spacer\"><\/div>\n\n\n\n<div class=\"wp-block-columns is-layout-flex wp-container-core-columns-is-layout-28f84493 wp-block-columns-is-layout-flex\">\n<div class=\"wp-block-column is-vertically-aligned-center is-layout-flow wp-block-column-is-layout-flow\">\n<p class=\"is-style-text-annotation has-background has-medium-font-size is-style-text-annotation--7\" style=\"background-color:#ffd8a9;font-style:normal;font-weight:500\">Boissons<\/p>\n\n\n\n<ul class=\"wp-block-list\">\n<li class=\"has-medium-font-size\">Eau<\/li>\n\n\n\n<li class=\"has-medium-font-size\">Jus<\/li>\n\n\n\n<li class=\"has-medium-font-size\">Soda<\/li>\n<\/ul>\n<\/div>\n\n\n\n<div class=\"wp-block-column is-layout-flow wp-block-column-is-layout-flow\">\n<p class=\"is-style-text-annotation has-background is-style-text-annotation--8\" style=\"background-color:#ffd8a9;font-size:clamp(0.875rem, 0.875rem + ((1vw - 0.2rem) * 0.196), 1rem);font-style:normal;font-weight:500\">Accompagnements<\/p>\n\n\n\n<ul class=\"wp-block-list\">\n<li class=\"has-medium-font-size\">Petites salades<\/li>\n\n\n\n<li class=\"has-medium-font-size\">Sauces maison<\/li>\n<\/ul>\n<\/div>\n\n\n\n<div class=\"wp-block-column is-layout-flow wp-block-column-is-layout-flow\">\n<p class=\"is-style-text-annotation has-background has-medium-font-size is-style-text-annotation--9\" style=\"background-color:#ffd8a9;font-style:normal;font-weight:500\">Petits extras<\/p>\n\n\n\n<ul class=\"wp-block-list\">\n<li class=\"has-medium-font-size\">Croquettes suppl\u00e9mentaires<\/li>\n\n\n\n<li class=\"has-medium-font-size\">Tapas \u00e0 c\u00f4t\u00e9<\/li>\n<\/ul>\n<\/div>\n<\/div>\n\n\n\n<div class=\"wp-block-columns is-layout-flex wp-container-core-columns-is-layout-28f84493 wp-block-columns-is-layout-flex\">\n<div class=\"wp-block-column is-layout-flow wp-block-column-is-layout-flow\">\n<figure class=\"wp-block-gallery has-nested-images columns-default is-cropped wp-block-gallery-10 is-layout-flex wp-block-gallery-is-layout-flex\">\n<figure class=\"wp-block-image size-large\"><img loading=\"lazy\" decoding=\"async\" width=\"1024\" height=\"683\" data-id=\"144\" src=\"https:\/\/wp17.cours-copm2061.helha.be\/wp-content\/uploads\/2026\/04\/boissons_compressed-1024x683.jpg\" alt=\"\" class=\"wp-image-144\" srcset=\"https:\/\/wp17.cours-copm2061.helha.be\/wp-content\/uploads\/2026\/04\/boissons_compressed-1024x683.jpg 1024w, https:\/\/wp17.cours-copm2061.helha.be\/wp-content\/uploads\/2026\/04\/boissons_compressed-300x200.jpg 300w, https:\/\/wp17.cours-copm2061.helha.be\/wp-content\/uploads\/2026\/04\/boissons_compressed-768x512.jpg 768w, https:\/\/wp17.cours-copm2061.helha.be\/wp-content\/uploads\/2026\/04\/boissons_compressed.jpg 1536w\" sizes=\"auto, (max-width: 1024px) 100vw, 1024px\" \/><\/figure>\n<\/figure>\n<\/div>\n\n\n\n<div class=\"wp-block-column is-layout-flow wp-block-column-is-layout-flow\">\n<figure class=\"wp-block-gallery has-nested-images columns-default is-cropped wp-block-gallery-11 is-layout-flex wp-block-gallery-is-layout-flex\">\n<figure class=\"wp-block-image size-large\"><img loading=\"lazy\" decoding=\"async\" width=\"1024\" height=\"683\" data-id=\"146\" src=\"https:\/\/wp17.cours-copm2061.helha.be\/wp-content\/uploads\/2026\/04\/salades_sauces_compressed-1024x683.jpg\" alt=\"\" class=\"wp-image-146\" srcset=\"https:\/\/wp17.cours-copm2061.helha.be\/wp-content\/uploads\/2026\/04\/salades_sauces_compressed-1024x683.jpg 1024w, https:\/\/wp17.cours-copm2061.helha.be\/wp-content\/uploads\/2026\/04\/salades_sauces_compressed-300x200.jpg 300w, https:\/\/wp17.cours-copm2061.helha.be\/wp-content\/uploads\/2026\/04\/salades_sauces_compressed-768x512.jpg 768w, https:\/\/wp17.cours-copm2061.helha.be\/wp-content\/uploads\/2026\/04\/salades_sauces_compressed.jpg 1536w\" sizes=\"auto, (max-width: 1024px) 100vw, 1024px\" \/><\/figure>\n<\/figure>\n<\/div>\n\n\n\n<div class=\"wp-block-column is-layout-flow wp-block-column-is-layout-flow\">\n<figure class=\"wp-block-gallery has-nested-images columns-default is-cropped wp-block-gallery-12 is-layout-flex wp-block-gallery-is-layout-flex\">\n<figure class=\"wp-block-image size-large\"><img loading=\"lazy\" decoding=\"async\" width=\"1024\" height=\"683\" data-id=\"147\" src=\"https:\/\/wp17.cours-copm2061.helha.be\/wp-content\/uploads\/2026\/04\/croquettes_olives_compressed-1024x683.jpg\" alt=\"\" class=\"wp-image-147\" srcset=\"https:\/\/wp17.cours-copm2061.helha.be\/wp-content\/uploads\/2026\/04\/croquettes_olives_compressed-1024x683.jpg 1024w, https:\/\/wp17.cours-copm2061.helha.be\/wp-content\/uploads\/2026\/04\/croquettes_olives_compressed-300x200.jpg 300w, https:\/\/wp17.cours-copm2061.helha.be\/wp-content\/uploads\/2026\/04\/croquettes_olives_compressed-768x512.jpg 768w, https:\/\/wp17.cours-copm2061.helha.be\/wp-content\/uploads\/2026\/04\/croquettes_olives_compressed.jpg 1536w\" sizes=\"auto, (max-width: 1024px) 100vw, 1024px\" \/><\/figure>\n<\/figure>\n<\/div>\n<\/div>\n\n\n\n<div class=\"wp-block-columns is-layout-flex wp-container-core-columns-is-layout-28f84493 wp-block-columns-is-layout-flex\">\n<div class=\"wp-block-column is-layout-flow wp-block-column-is-layout-flow\">\n<p class=\"has-text-align-center has-medium-font-size\" style=\"font-style:normal;font-weight:500\"><strong>1 \u20ac &#8211; 3 \u20ac<\/strong><\/p>\n<\/div>\n\n\n\n<div class=\"wp-block-column is-layout-flow wp-block-column-is-layout-flow\">\n<p class=\"has-text-align-center has-medium-font-size\" style=\"font-style:normal;font-weight:500\"><strong>1 \u20ac &#8211; 2 \u20ac<\/strong><\/p>\n<\/div>\n\n\n\n<div class=\"wp-block-column is-layout-flow wp-block-column-is-layout-flow\">\n<p class=\"has-text-align-center has-medium-font-size\" style=\"font-style:normal;font-weight:500\"><strong>1 \u20ac &#8211; 2 \u20ac<\/strong><\/p>\n<\/div>\n<\/div>\n\n\n\n<p><\/p>\n","protected":false},"excerpt":{"rendered":"<p>Savourez l&rsquo;Espagne, une croquette \u00e0 la fois \u2b50\ufe0fLes classiques\u2b50\ufe0f \ud83d\udd25Les cr\u00e9ations du moment \ud83d\udd25 \u00c0 l&rsquo;unit\u00e9 : 1,5 \u20ac &#8211; 2 \u20ac \u00c0 l&rsquo;unit\u00e9 : 1,5 \u20ac &#8211; 2 \u20ac Formules 4 croquettes + accompagnement ou boisson 6 croquettes + accompagnement ou boisson 8 \u20ac 10 \u20ac Boissons Accompagnements Petits extras 1 \u20ac &#8211; 3 [&hellip;]<\/p>\n","protected":false},"author":1,"featured_media":0,"parent":0,"menu_order":0,"comment_status":"closed","ping_status":"closed","template":"","meta":{"footnotes":""},"class_list":["post-10","page","type-page","status-publish","hentry"],"yoast_head":"<!-- This site is optimized with the Yoast SEO plugin v27.2 - https:\/\/yoast.com\/product\/yoast-seo-wordpress\/ -->\n<title>Notre menu - LAS CROQUETAS<\/title>\n<meta name=\"robots\" content=\"index, follow, max-snippet:-1, max-image-preview:large, max-video-preview:-1\" \/>\n<link rel=\"canonical\" href=\"https:\/\/wp17.cours-copm2061.helha.be\/?page_id=10\" \/>\n<meta property=\"og:locale\" content=\"fr_FR\" \/>\n<meta property=\"og:type\" content=\"article\" \/>\n<meta property=\"og:title\" content=\"Notre menu - LAS CROQUETAS\" \/>\n<meta property=\"og:description\" content=\"Savourez l&rsquo;Espagne, une croquette \u00e0 la fois \u2b50\ufe0fLes classiques\u2b50\ufe0f \ud83d\udd25Les cr\u00e9ations du moment \ud83d\udd25 \u00c0 l&rsquo;unit\u00e9 : 1,5 \u20ac &#8211; 2 \u20ac \u00c0 l&rsquo;unit\u00e9 : 1,5 \u20ac &#8211; 2 \u20ac Formules 4 croquettes + accompagnement ou boisson 6 croquettes + accompagnement ou boisson 8 \u20ac 10 \u20ac Boissons Accompagnements Petits extras 1 \u20ac &#8211; 3 [&hellip;]\" \/>\n<meta property=\"og:url\" content=\"https:\/\/wp17.cours-copm2061.helha.be\/?page_id=10\" \/>\n<meta property=\"og:site_name\" content=\"LAS CROQUETAS\" \/>\n<meta property=\"article:modified_time\" content=\"2026-04-24T13:34:24+00:00\" \/>\n<meta property=\"og:image\" content=\"https:\/\/wp17.cours-copm2061.helha.be\/wp-content\/uploads\/2026\/04\/croquettes_plate_compressed_v2-1.jpg\" \/>\n\t<meta property=\"og:image:width\" content=\"1536\" \/>\n\t<meta property=\"og:image:height\" content=\"1024\" \/>\n\t<meta property=\"og:image:type\" content=\"image\/jpeg\" \/>\n<meta name=\"twitter:card\" content=\"summary_large_image\" \/>\n<meta name=\"twitter:label1\" content=\"Dur\u00e9e de lecture estim\u00e9e\" \/>\n\t<meta name=\"twitter:data1\" content=\"2 minutes\" \/>\n<script type=\"application\/ld+json\" class=\"yoast-schema-graph\">{\"@context\":\"https:\/\/schema.org\",\"@graph\":[{\"@type\":\"WebPage\",\"@id\":\"https:\/\/wp17.cours-copm2061.helha.be\/?page_id=10\",\"url\":\"https:\/\/wp17.cours-copm2061.helha.be\/?page_id=10\",\"name\":\"Notre menu - LAS CROQUETAS\",\"isPartOf\":{\"@id\":\"https:\/\/wp17.cours-copm2061.helha.be\/#website\"},\"primaryImageOfPage\":{\"@id\":\"https:\/\/wp17.cours-copm2061.helha.be\/?page_id=10#primaryimage\"},\"image\":{\"@id\":\"https:\/\/wp17.cours-copm2061.helha.be\/?page_id=10#primaryimage\"},\"thumbnailUrl\":\"https:\/\/wp17.cours-copm2061.helha.be\/wp-content\/uploads\/2026\/04\/croquettes_plate_compressed_v2-1.jpg\",\"datePublished\":\"2026-03-27T13:59:18+00:00\",\"dateModified\":\"2026-04-24T13:34:24+00:00\",\"breadcrumb\":{\"@id\":\"https:\/\/wp17.cours-copm2061.helha.be\/?page_id=10#breadcrumb\"},\"inLanguage\":\"fr-FR\",\"potentialAction\":[{\"@type\":\"ReadAction\",\"target\":[\"https:\/\/wp17.cours-copm2061.helha.be\/?page_id=10\"]}]},{\"@type\":\"ImageObject\",\"inLanguage\":\"fr-FR\",\"@id\":\"https:\/\/wp17.cours-copm2061.helha.be\/?page_id=10#primaryimage\",\"url\":\"https:\/\/wp17.cours-copm2061.helha.be\/wp-content\/uploads\/2026\/04\/croquettes_plate_compressed_v2-1.jpg\",\"contentUrl\":\"https:\/\/wp17.cours-copm2061.helha.be\/wp-content\/uploads\/2026\/04\/croquettes_plate_compressed_v2-1.jpg\",\"width\":1536,\"height\":1024},{\"@type\":\"BreadcrumbList\",\"@id\":\"https:\/\/wp17.cours-copm2061.helha.be\/?page_id=10#breadcrumb\",\"itemListElement\":[{\"@type\":\"ListItem\",\"position\":1,\"name\":\"Accueil\",\"item\":\"https:\/\/wp17.cours-copm2061.helha.be\/\"},{\"@type\":\"ListItem\",\"position\":2,\"name\":\"Notre menu\"}]},{\"@type\":\"WebSite\",\"@id\":\"https:\/\/wp17.cours-copm2061.helha.be\/#website\",\"url\":\"https:\/\/wp17.cours-copm2061.helha.be\/\",\"name\":\"LAS CROQUETAS\",\"description\":\"Croquez, savourez et finissez rassasi\u00e9\",\"publisher\":{\"@id\":\"https:\/\/wp17.cours-copm2061.helha.be\/#organization\"},\"potentialAction\":[{\"@type\":\"SearchAction\",\"target\":{\"@type\":\"EntryPoint\",\"urlTemplate\":\"https:\/\/wp17.cours-copm2061.helha.be\/?s={search_term_string}\"},\"query-input\":{\"@type\":\"PropertyValueSpecification\",\"valueRequired\":true,\"valueName\":\"search_term_string\"}}],\"inLanguage\":\"fr-FR\"},{\"@type\":\"Organization\",\"@id\":\"https:\/\/wp17.cours-copm2061.helha.be\/#organization\",\"name\":\"LAS CROQUETAS\",\"url\":\"https:\/\/wp17.cours-copm2061.helha.be\/\",\"logo\":{\"@type\":\"ImageObject\",\"inLanguage\":\"fr-FR\",\"@id\":\"https:\/\/wp17.cours-copm2061.helha.be\/#\/schema\/logo\/image\/\",\"url\":\"https:\/\/wp17.cours-copm2061.helha.be\/wp-content\/uploads\/2026\/04\/Capture-decran-2026-03-26-a-14.35.58.png\",\"contentUrl\":\"https:\/\/wp17.cours-copm2061.helha.be\/wp-content\/uploads\/2026\/04\/Capture-decran-2026-03-26-a-14.35.58.png\",\"width\":1203,\"height\":1182,\"caption\":\"LAS CROQUETAS\"},\"image\":{\"@id\":\"https:\/\/wp17.cours-copm2061.helha.be\/#\/schema\/logo\/image\/\"}}]}<\/script>\n<!-- \/ Yoast SEO plugin. -->","yoast_head_json":{"title":"Notre menu - LAS CROQUETAS","robots":{"index":"index","follow":"follow","max-snippet":"max-snippet:-1","max-image-preview":"max-image-preview:large","max-video-preview":"max-video-preview:-1"},"canonical":"https:\/\/wp17.cours-copm2061.helha.be\/?page_id=10","og_locale":"fr_FR","og_type":"article","og_title":"Notre menu - LAS CROQUETAS","og_description":"Savourez l&rsquo;Espagne, une croquette \u00e0 la fois \u2b50\ufe0fLes classiques\u2b50\ufe0f \ud83d\udd25Les cr\u00e9ations du moment \ud83d\udd25 \u00c0 l&rsquo;unit\u00e9 : 1,5 \u20ac &#8211; 2 \u20ac \u00c0 l&rsquo;unit\u00e9 : 1,5 \u20ac &#8211; 2 \u20ac Formules 4 croquettes + accompagnement ou boisson 6 croquettes + accompagnement ou boisson 8 \u20ac 10 \u20ac Boissons Accompagnements Petits extras 1 \u20ac &#8211; 3 [&hellip;]","og_url":"https:\/\/wp17.cours-copm2061.helha.be\/?page_id=10","og_site_name":"LAS CROQUETAS","article_modified_time":"2026-04-24T13:34:24+00:00","og_image":[{"width":1536,"height":1024,"url":"https:\/\/wp17.cours-copm2061.helha.be\/wp-content\/uploads\/2026\/04\/croquettes_plate_compressed_v2-1.jpg","type":"image\/jpeg"}],"twitter_card":"summary_large_image","twitter_misc":{"Dur\u00e9e de lecture estim\u00e9e":"2 minutes"},"schema":{"@context":"https:\/\/schema.org","@graph":[{"@type":"WebPage","@id":"https:\/\/wp17.cours-copm2061.helha.be\/?page_id=10","url":"https:\/\/wp17.cours-copm2061.helha.be\/?page_id=10","name":"Notre menu - LAS CROQUETAS","isPartOf":{"@id":"https:\/\/wp17.cours-copm2061.helha.be\/#website"},"primaryImageOfPage":{"@id":"https:\/\/wp17.cours-copm2061.helha.be\/?page_id=10#primaryimage"},"image":{"@id":"https:\/\/wp17.cours-copm2061.helha.be\/?page_id=10#primaryimage"},"thumbnailUrl":"https:\/\/wp17.cours-copm2061.helha.be\/wp-content\/uploads\/2026\/04\/croquettes_plate_compressed_v2-1.jpg","datePublished":"2026-03-27T13:59:18+00:00","dateModified":"2026-04-24T13:34:24+00:00","breadcrumb":{"@id":"https:\/\/wp17.cours-copm2061.helha.be\/?page_id=10#breadcrumb"},"inLanguage":"fr-FR","potentialAction":[{"@type":"ReadAction","target":["https:\/\/wp17.cours-copm2061.helha.be\/?page_id=10"]}]},{"@type":"ImageObject","inLanguage":"fr-FR","@id":"https:\/\/wp17.cours-copm2061.helha.be\/?page_id=10#primaryimage","url":"https:\/\/wp17.cours-copm2061.helha.be\/wp-content\/uploads\/2026\/04\/croquettes_plate_compressed_v2-1.jpg","contentUrl":"https:\/\/wp17.cours-copm2061.helha.be\/wp-content\/uploads\/2026\/04\/croquettes_plate_compressed_v2-1.jpg","width":1536,"height":1024},{"@type":"BreadcrumbList","@id":"https:\/\/wp17.cours-copm2061.helha.be\/?page_id=10#breadcrumb","itemListElement":[{"@type":"ListItem","position":1,"name":"Accueil","item":"https:\/\/wp17.cours-copm2061.helha.be\/"},{"@type":"ListItem","position":2,"name":"Notre menu"}]},{"@type":"WebSite","@id":"https:\/\/wp17.cours-copm2061.helha.be\/#website","url":"https:\/\/wp17.cours-copm2061.helha.be\/","name":"LAS CROQUETAS","description":"Croquez, savourez et finissez rassasi\u00e9","publisher":{"@id":"https:\/\/wp17.cours-copm2061.helha.be\/#organization"},"potentialAction":[{"@type":"SearchAction","target":{"@type":"EntryPoint","urlTemplate":"https:\/\/wp17.cours-copm2061.helha.be\/?s={search_term_string}"},"query-input":{"@type":"PropertyValueSpecification","valueRequired":true,"valueName":"search_term_string"}}],"inLanguage":"fr-FR"},{"@type":"Organization","@id":"https:\/\/wp17.cours-copm2061.helha.be\/#organization","name":"LAS CROQUETAS","url":"https:\/\/wp17.cours-copm2061.helha.be\/","logo":{"@type":"ImageObject","inLanguage":"fr-FR","@id":"https:\/\/wp17.cours-copm2061.helha.be\/#\/schema\/logo\/image\/","url":"https:\/\/wp17.cours-copm2061.helha.be\/wp-content\/uploads\/2026\/04\/Capture-decran-2026-03-26-a-14.35.58.png","contentUrl":"https:\/\/wp17.cours-copm2061.helha.be\/wp-content\/uploads\/2026\/04\/Capture-decran-2026-03-26-a-14.35.58.png","width":1203,"height":1182,"caption":"LAS CROQUETAS"},"image":{"@id":"https:\/\/wp17.cours-copm2061.helha.be\/#\/schema\/logo\/image\/"}}]}},"_links":{"self":[{"href":"https:\/\/wp17.cours-copm2061.helha.be\/index.php?rest_route=\/wp\/v2\/pages\/10","targetHints":{"allow":["GET"]}}],"collection":[{"href":"https:\/\/wp17.cours-copm2061.helha.be\/index.php?rest_route=\/wp\/v2\/pages"}],"about":[{"href":"https:\/\/wp17.cours-copm2061.helha.be\/index.php?rest_route=\/wp\/v2\/types\/page"}],"author":[{"embeddable":true,"href":"https:\/\/wp17.cours-copm2061.helha.be\/index.php?rest_route=\/wp\/v2\/users\/1"}],"replies":[{"embeddable":true,"href":"https:\/\/wp17.cours-copm2061.helha.be\/index.php?rest_route=%2Fwp%2Fv2%2Fcomments&post=10"}],"version-history":[{"count":24,"href":"https:\/\/wp17.cours-copm2061.helha.be\/index.php?rest_route=\/wp\/v2\/pages\/10\/revisions"}],"predecessor-version":[{"id":188,"href":"https:\/\/wp17.cours-copm2061.helha.be\/index.php?rest_route=\/wp\/v2\/pages\/10\/revisions\/188"}],"wp:attachment":[{"href":"https:\/\/wp17.cours-copm2061.helha.be\/index.php?rest_route=%2Fwp%2Fv2%2Fmedia&parent=10"}],"curies":[{"name":"wp","href":"https:\/\/api.w.org\/{rel}","templated":true}]}}