{"id":12,"date":"2026-03-27T14:59:26","date_gmt":"2026-03-27T13:59:26","guid":{"rendered":"https:\/\/wp17.cours-copm2061.helha.be\/?page_id=12"},"modified":"2026-04-24T15:58:05","modified_gmt":"2026-04-24T13:58:05","slug":"notre-histoire","status":"publish","type":"page","link":"https:\/\/wp17.cours-copm2061.helha.be\/?page_id=12","title":{"rendered":"Notre histoire"},"content":{"rendered":"<div class=\"wp-block-post-time-to-read has-small-font-size\">1\u20132 minutes<\/div>\n\n\n<div class=\"wp-block-group has-large-font-size is-nowrap is-layout-flex wp-container-core-group-is-layout-6c531013 wp-block-group-is-layout-flex\">\n<h2 class=\"wp-block-heading is-style-default has-large-font-size\">\u00a1Las croquetas, claro que s\u00ed!<\/h2>\n<\/div>\n\n\n\n<div style=\"height:30px\" aria-hidden=\"true\" class=\"wp-block-spacer\"><\/div>\n\n\n\n<div class=\"wp-block-group is-content-justification-center is-nowrap is-layout-flex wp-container-core-group-is-layout-23441af8 wp-block-group-is-layout-flex\">\n<p class=\"has-text-align-center is-style-text-annotation has-background has-medium-font-size is-style-text-annotation--1\" style=\"background-color:#ffcb59ad;font-style:normal;font-weight:400\"><strong>Notre passion<\/strong><\/p>\n<\/div>\n\n\n\n<div class=\"wp-block-media-text has-media-on-the-right is-stacked-on-mobile\"><div class=\"wp-block-media-text__content\">\n<p><\/p>\n\n\n\n<p class=\"has-medium-font-size\">Nous, c\u2019est deux amies \u00e9tudiantes, Carla et Clara, qui en avions assez de manger vite sans jamais vraiment se faire plaisir. Entre les cours et les pauses, on cherchait toujours un repas bon, rapide, rassasiant et abordable\u2026 sans jamais le trouver. Il faut dire que Montignies-sur-Sambre \u00e0 quelques kilom\u00e8tres du centre de Charleroi, n\u2019offre pas beaucoup de possibilit\u00e9 de se restaurer.<\/p>\n<\/div><figure class=\"wp-block-media-text__media\"><img loading=\"lazy\" decoding=\"async\" width=\"768\" height=\"1024\" src=\"https:\/\/wp17.cours-copm2061.helha.be\/wp-content\/uploads\/2026\/03\/100_2161-2-768x1024.jpg\" alt=\"\" class=\"wp-image-37 size-full\" srcset=\"https:\/\/wp17.cours-copm2061.helha.be\/wp-content\/uploads\/2026\/03\/100_2161-2-768x1024.jpg 768w, https:\/\/wp17.cours-copm2061.helha.be\/wp-content\/uploads\/2026\/03\/100_2161-2-225x300.jpg 225w, https:\/\/wp17.cours-copm2061.helha.be\/wp-content\/uploads\/2026\/03\/100_2161-2-scaled.jpg 1920w\" sizes=\"auto, (max-width: 768px) 100vw, 768px\" \/><\/figure><\/div>\n\n\n\n<p>Alors on a d\u00e9cid\u00e9 de l\u2019inventer.<\/p>\n\n\n\n<div class=\"wp-block-media-text is-stacked-on-mobile\"><figure class=\"wp-block-media-text__media\"><img loading=\"lazy\" decoding=\"async\" width=\"790\" height=\"1024\" src=\"https:\/\/wp17.cours-copm2061.helha.be\/wp-content\/uploads\/2026\/03\/photo_compressed-3-790x1024.jpg\" alt=\"\" class=\"wp-image-63 size-full\" srcset=\"https:\/\/wp17.cours-copm2061.helha.be\/wp-content\/uploads\/2026\/03\/photo_compressed-3-790x1024.jpg 790w, https:\/\/wp17.cours-copm2061.helha.be\/wp-content\/uploads\/2026\/03\/photo_compressed-3-231x300.jpg 231w, https:\/\/wp17.cours-copm2061.helha.be\/wp-content\/uploads\/2026\/03\/photo_compressed-3-768x996.jpg 768w, https:\/\/wp17.cours-copm2061.helha.be\/wp-content\/uploads\/2026\/03\/photo_compressed-3-1184x1536.jpg 1184w, https:\/\/wp17.cours-copm2061.helha.be\/wp-content\/uploads\/2026\/03\/photo_compressed-3.jpg 1579w\" sizes=\"auto, (max-width: 790px) 100vw, 790px\" \/><\/figure><div class=\"wp-block-media-text__content\">\n<p class=\"has-medium-font-size\">Pendant un voyage en Espagne, on a d\u00e9couvert les croquettes\u2026 Non, pas celles qu\u2019on trouve \u00e0 la c\u00f4te belge mais des vrais tapas espagnols. On entend par l\u00e0, le partage, la culture, la f\u00eate, et les saveurs du sud. On en est tomb\u00e9es compl\u00e8tement amoureuses. G\u00e9n\u00e9reuses, gourmandes, p\u00e9tillantes : exactement ce qu\u2019il nous manquait pour un vrai repas.<\/p>\n<\/div><\/div>\n\n\n\n<p class=\"is-style-text-annotation has-background has-medium-font-size is-style-text-annotation--2\" style=\"background-color:#ffcb59ad;font-style:normal;font-weight:400\"><strong>Voyage des tapas<\/strong><\/p>\n\n\n\n<div class=\"wp-block-group is-nowrap is-layout-flex wp-container-core-group-is-layout-6c531013 wp-block-group-is-layout-flex\">\n<p class=\"has-medium-font-size\">De retour en Belgique, on a imagin\u00e9 nos propres versions, assez copieuses pour devenir un diner digne de ce nom. On a test\u00e9, ajust\u00e9, r\u00e9invent\u00e9, jusqu\u2019\u00e0 ce que nos amis nous disent : \u00ab Vous tenez quelque chose ! \u00bb<\/p>\n<\/div>\n\n\n\n<div class=\"wp-block-group is-nowrap is-layout-flex wp-container-core-group-is-layout-6c531013 wp-block-group-is-layout-flex\">\n<p class=\"has-medium-font-size\">C\u2019est comme \u00e7a qu\u2019est n\u00e9 Las Croquetas : notre id\u00e9e, notre cr\u00e9ation. Un foodtruck pens\u00e9 par deux \u00e9tudiantes, pour tous ceux qui veulent manger vite, bien et \u00e0 petit prix\u2026 tout en se plongeant dans&nbsp;&nbsp;les cultures de l\u2019Espagne.<\/p>\n<\/div>\n\n\n\n<p class=\"has-medium-font-size\">Chaque croquette raconte notre histoire : deux amies, un coup de c\u0153ur en voyage\u2026 et beaucoup de gourmandise.<\/p>\n","protected":false},"excerpt":{"rendered":"<p>\u00a1Las croquetas, claro que s\u00ed! Notre passion Nous, c\u2019est deux amies \u00e9tudiantes, Carla et Clara, qui en avions assez de manger vite sans jamais vraiment se faire plaisir. Entre les cours et les pauses, on cherchait toujours un repas bon, rapide, rassasiant et abordable\u2026 sans jamais le trouver. Il faut dire que Montignies-sur-Sambre \u00e0 quelques [&hellip;]<\/p>\n","protected":false},"author":1,"featured_media":0,"parent":0,"menu_order":0,"comment_status":"closed","ping_status":"closed","template":"","meta":{"footnotes":""},"class_list":["post-12","page","type-page","status-publish","hentry"],"yoast_head":"<!-- This site is optimized with the Yoast SEO plugin v27.2 - https:\/\/yoast.com\/product\/yoast-seo-wordpress\/ -->\n<title>Notre histoire - LAS CROQUETAS<\/title>\n<meta name=\"robots\" content=\"index, follow, max-snippet:-1, max-image-preview:large, max-video-preview:-1\" \/>\n<link rel=\"canonical\" href=\"https:\/\/wp17.cours-copm2061.helha.be\/?page_id=12\" \/>\n<meta property=\"og:locale\" content=\"fr_FR\" \/>\n<meta property=\"og:type\" content=\"article\" \/>\n<meta property=\"og:title\" content=\"Notre histoire - LAS CROQUETAS\" \/>\n<meta property=\"og:description\" content=\"\u00a1Las croquetas, claro que s\u00ed! Notre passion Nous, c\u2019est deux amies \u00e9tudiantes, Carla et Clara, qui en avions assez de manger vite sans jamais vraiment se faire plaisir. Entre les cours et les pauses, on cherchait toujours un repas bon, rapide, rassasiant et abordable\u2026 sans jamais le trouver. Il faut dire que Montignies-sur-Sambre \u00e0 quelques [&hellip;]\" \/>\n<meta property=\"og:url\" content=\"https:\/\/wp17.cours-copm2061.helha.be\/?page_id=12\" \/>\n<meta property=\"og:site_name\" content=\"LAS CROQUETAS\" \/>\n<meta property=\"article:modified_time\" content=\"2026-04-24T13:58:05+00:00\" \/>\n<meta property=\"og:image\" content=\"https:\/\/wp17.cours-copm2061.helha.be\/wp-content\/uploads\/2026\/03\/100_2161-2-scaled.jpg\" \/>\n\t<meta property=\"og:image:width\" content=\"1920\" \/>\n\t<meta property=\"og:image:height\" content=\"2560\" \/>\n\t<meta property=\"og:image:type\" content=\"image\/jpeg\" \/>\n<meta name=\"twitter:card\" content=\"summary_large_image\" \/>\n<meta name=\"twitter:label1\" content=\"Dur\u00e9e de lecture estim\u00e9e\" \/>\n\t<meta name=\"twitter:data1\" content=\"2 minutes\" \/>\n<script type=\"application\/ld+json\" class=\"yoast-schema-graph\">{\"@context\":\"https:\/\/schema.org\",\"@graph\":[{\"@type\":\"WebPage\",\"@id\":\"https:\/\/wp17.cours-copm2061.helha.be\/?page_id=12\",\"url\":\"https:\/\/wp17.cours-copm2061.helha.be\/?page_id=12\",\"name\":\"Notre histoire - LAS CROQUETAS\",\"isPartOf\":{\"@id\":\"https:\/\/wp17.cours-copm2061.helha.be\/#website\"},\"primaryImageOfPage\":{\"@id\":\"https:\/\/wp17.cours-copm2061.helha.be\/?page_id=12#primaryimage\"},\"image\":{\"@id\":\"https:\/\/wp17.cours-copm2061.helha.be\/?page_id=12#primaryimage\"},\"thumbnailUrl\":\"https:\/\/wp17.cours-copm2061.helha.be\/wp-content\/uploads\/2026\/03\/100_2161-2-768x1024.jpg\",\"datePublished\":\"2026-03-27T13:59:26+00:00\",\"dateModified\":\"2026-04-24T13:58:05+00:00\",\"breadcrumb\":{\"@id\":\"https:\/\/wp17.cours-copm2061.helha.be\/?page_id=12#breadcrumb\"},\"inLanguage\":\"fr-FR\",\"potentialAction\":[{\"@type\":\"ReadAction\",\"target\":[\"https:\/\/wp17.cours-copm2061.helha.be\/?page_id=12\"]}]},{\"@type\":\"ImageObject\",\"inLanguage\":\"fr-FR\",\"@id\":\"https:\/\/wp17.cours-copm2061.helha.be\/?page_id=12#primaryimage\",\"url\":\"https:\/\/wp17.cours-copm2061.helha.be\/wp-content\/uploads\/2026\/03\/100_2161-2-scaled.jpg\",\"contentUrl\":\"https:\/\/wp17.cours-copm2061.helha.be\/wp-content\/uploads\/2026\/03\/100_2161-2-scaled.jpg\",\"width\":1920,\"height\":2560},{\"@type\":\"BreadcrumbList\",\"@id\":\"https:\/\/wp17.cours-copm2061.helha.be\/?page_id=12#breadcrumb\",\"itemListElement\":[{\"@type\":\"ListItem\",\"position\":1,\"name\":\"Accueil\",\"item\":\"https:\/\/wp17.cours-copm2061.helha.be\/\"},{\"@type\":\"ListItem\",\"position\":2,\"name\":\"Notre histoire\"}]},{\"@type\":\"WebSite\",\"@id\":\"https:\/\/wp17.cours-copm2061.helha.be\/#website\",\"url\":\"https:\/\/wp17.cours-copm2061.helha.be\/\",\"name\":\"LAS CROQUETAS\",\"description\":\"Croquez, savourez et finissez rassasi\u00e9\",\"publisher\":{\"@id\":\"https:\/\/wp17.cours-copm2061.helha.be\/#organization\"},\"potentialAction\":[{\"@type\":\"SearchAction\",\"target\":{\"@type\":\"EntryPoint\",\"urlTemplate\":\"https:\/\/wp17.cours-copm2061.helha.be\/?s={search_term_string}\"},\"query-input\":{\"@type\":\"PropertyValueSpecification\",\"valueRequired\":true,\"valueName\":\"search_term_string\"}}],\"inLanguage\":\"fr-FR\"},{\"@type\":\"Organization\",\"@id\":\"https:\/\/wp17.cours-copm2061.helha.be\/#organization\",\"name\":\"LAS CROQUETAS\",\"url\":\"https:\/\/wp17.cours-copm2061.helha.be\/\",\"logo\":{\"@type\":\"ImageObject\",\"inLanguage\":\"fr-FR\",\"@id\":\"https:\/\/wp17.cours-copm2061.helha.be\/#\/schema\/logo\/image\/\",\"url\":\"https:\/\/wp17.cours-copm2061.helha.be\/wp-content\/uploads\/2026\/04\/Capture-decran-2026-03-26-a-14.35.58.png\",\"contentUrl\":\"https:\/\/wp17.cours-copm2061.helha.be\/wp-content\/uploads\/2026\/04\/Capture-decran-2026-03-26-a-14.35.58.png\",\"width\":1203,\"height\":1182,\"caption\":\"LAS CROQUETAS\"},\"image\":{\"@id\":\"https:\/\/wp17.cours-copm2061.helha.be\/#\/schema\/logo\/image\/\"}}]}<\/script>\n<!-- \/ Yoast SEO plugin. -->","yoast_head_json":{"title":"Notre histoire - LAS CROQUETAS","robots":{"index":"index","follow":"follow","max-snippet":"max-snippet:-1","max-image-preview":"max-image-preview:large","max-video-preview":"max-video-preview:-1"},"canonical":"https:\/\/wp17.cours-copm2061.helha.be\/?page_id=12","og_locale":"fr_FR","og_type":"article","og_title":"Notre histoire - LAS CROQUETAS","og_description":"\u00a1Las croquetas, claro que s\u00ed! Notre passion Nous, c\u2019est deux amies \u00e9tudiantes, Carla et Clara, qui en avions assez de manger vite sans jamais vraiment se faire plaisir. Entre les cours et les pauses, on cherchait toujours un repas bon, rapide, rassasiant et abordable\u2026 sans jamais le trouver. Il faut dire que Montignies-sur-Sambre \u00e0 quelques [&hellip;]","og_url":"https:\/\/wp17.cours-copm2061.helha.be\/?page_id=12","og_site_name":"LAS CROQUETAS","article_modified_time":"2026-04-24T13:58:05+00:00","og_image":[{"width":1920,"height":2560,"url":"https:\/\/wp17.cours-copm2061.helha.be\/wp-content\/uploads\/2026\/03\/100_2161-2-scaled.jpg","type":"image\/jpeg"}],"twitter_card":"summary_large_image","twitter_misc":{"Dur\u00e9e de lecture estim\u00e9e":"2 minutes"},"schema":{"@context":"https:\/\/schema.org","@graph":[{"@type":"WebPage","@id":"https:\/\/wp17.cours-copm2061.helha.be\/?page_id=12","url":"https:\/\/wp17.cours-copm2061.helha.be\/?page_id=12","name":"Notre histoire - LAS CROQUETAS","isPartOf":{"@id":"https:\/\/wp17.cours-copm2061.helha.be\/#website"},"primaryImageOfPage":{"@id":"https:\/\/wp17.cours-copm2061.helha.be\/?page_id=12#primaryimage"},"image":{"@id":"https:\/\/wp17.cours-copm2061.helha.be\/?page_id=12#primaryimage"},"thumbnailUrl":"https:\/\/wp17.cours-copm2061.helha.be\/wp-content\/uploads\/2026\/03\/100_2161-2-768x1024.jpg","datePublished":"2026-03-27T13:59:26+00:00","dateModified":"2026-04-24T13:58:05+00:00","breadcrumb":{"@id":"https:\/\/wp17.cours-copm2061.helha.be\/?page_id=12#breadcrumb"},"inLanguage":"fr-FR","potentialAction":[{"@type":"ReadAction","target":["https:\/\/wp17.cours-copm2061.helha.be\/?page_id=12"]}]},{"@type":"ImageObject","inLanguage":"fr-FR","@id":"https:\/\/wp17.cours-copm2061.helha.be\/?page_id=12#primaryimage","url":"https:\/\/wp17.cours-copm2061.helha.be\/wp-content\/uploads\/2026\/03\/100_2161-2-scaled.jpg","contentUrl":"https:\/\/wp17.cours-copm2061.helha.be\/wp-content\/uploads\/2026\/03\/100_2161-2-scaled.jpg","width":1920,"height":2560},{"@type":"BreadcrumbList","@id":"https:\/\/wp17.cours-copm2061.helha.be\/?page_id=12#breadcrumb","itemListElement":[{"@type":"ListItem","position":1,"name":"Accueil","item":"https:\/\/wp17.cours-copm2061.helha.be\/"},{"@type":"ListItem","position":2,"name":"Notre histoire"}]},{"@type":"WebSite","@id":"https:\/\/wp17.cours-copm2061.helha.be\/#website","url":"https:\/\/wp17.cours-copm2061.helha.be\/","name":"LAS CROQUETAS","description":"Croquez, savourez et finissez rassasi\u00e9","publisher":{"@id":"https:\/\/wp17.cours-copm2061.helha.be\/#organization"},"potentialAction":[{"@type":"SearchAction","target":{"@type":"EntryPoint","urlTemplate":"https:\/\/wp17.cours-copm2061.helha.be\/?s={search_term_string}"},"query-input":{"@type":"PropertyValueSpecification","valueRequired":true,"valueName":"search_term_string"}}],"inLanguage":"fr-FR"},{"@type":"Organization","@id":"https:\/\/wp17.cours-copm2061.helha.be\/#organization","name":"LAS CROQUETAS","url":"https:\/\/wp17.cours-copm2061.helha.be\/","logo":{"@type":"ImageObject","inLanguage":"fr-FR","@id":"https:\/\/wp17.cours-copm2061.helha.be\/#\/schema\/logo\/image\/","url":"https:\/\/wp17.cours-copm2061.helha.be\/wp-content\/uploads\/2026\/04\/Capture-decran-2026-03-26-a-14.35.58.png","contentUrl":"https:\/\/wp17.cours-copm2061.helha.be\/wp-content\/uploads\/2026\/04\/Capture-decran-2026-03-26-a-14.35.58.png","width":1203,"height":1182,"caption":"LAS CROQUETAS"},"image":{"@id":"https:\/\/wp17.cours-copm2061.helha.be\/#\/schema\/logo\/image\/"}}]}},"_links":{"self":[{"href":"https:\/\/wp17.cours-copm2061.helha.be\/index.php?rest_route=\/wp\/v2\/pages\/12","targetHints":{"allow":["GET"]}}],"collection":[{"href":"https:\/\/wp17.cours-copm2061.helha.be\/index.php?rest_route=\/wp\/v2\/pages"}],"about":[{"href":"https:\/\/wp17.cours-copm2061.helha.be\/index.php?rest_route=\/wp\/v2\/types\/page"}],"author":[{"embeddable":true,"href":"https:\/\/wp17.cours-copm2061.helha.be\/index.php?rest_route=\/wp\/v2\/users\/1"}],"replies":[{"embeddable":true,"href":"https:\/\/wp17.cours-copm2061.helha.be\/index.php?rest_route=%2Fwp%2Fv2%2Fcomments&post=12"}],"version-history":[{"count":15,"href":"https:\/\/wp17.cours-copm2061.helha.be\/index.php?rest_route=\/wp\/v2\/pages\/12\/revisions"}],"predecessor-version":[{"id":199,"href":"https:\/\/wp17.cours-copm2061.helha.be\/index.php?rest_route=\/wp\/v2\/pages\/12\/revisions\/199"}],"wp:attachment":[{"href":"https:\/\/wp17.cours-copm2061.helha.be\/index.php?rest_route=%2Fwp%2Fv2%2Fmedia&parent=12"}],"curies":[{"name":"wp","href":"https:\/\/api.w.org\/{rel}","templated":true}]}}