{"id":2,"date":"2026-03-27T14:19:37","date_gmt":"2026-03-27T13:19:37","guid":{"rendered":"https:\/\/wp17.cours-copm2061.helha.be\/?page_id=2"},"modified":"2026-04-24T15:31:06","modified_gmt":"2026-04-24T13:31:06","slug":"page-d-exemple","status":"publish","type":"page","link":"https:\/\/wp17.cours-copm2061.helha.be\/?page_id=2","title":{"rendered":"Avis clients"},"content":{"rendered":"\n<p>Ils ont go\u00fbt\u00e9&#8230; Ils ont craqu\u00e9 !<\/p>\n\n\n\n<div style=\"height:40px\" aria-hidden=\"true\" class=\"wp-block-spacer\"><\/div>\n\n\n\n<div class=\"wp-block-media-text is-stacked-on-mobile\" style=\"grid-template-columns:27% auto\"><figure class=\"wp-block-media-text__media\"><img loading=\"lazy\" decoding=\"async\" width=\"1024\" height=\"1024\" src=\"https:\/\/wp17.cours-copm2061.helha.be\/wp-content\/uploads\/2026\/04\/avatar_compressed-1024x1024.jpg\" alt=\"\" class=\"wp-image-173 size-full\" srcset=\"https:\/\/wp17.cours-copm2061.helha.be\/wp-content\/uploads\/2026\/04\/avatar_compressed-1024x1024.jpg 1024w, https:\/\/wp17.cours-copm2061.helha.be\/wp-content\/uploads\/2026\/04\/avatar_compressed-300x300.jpg 300w, https:\/\/wp17.cours-copm2061.helha.be\/wp-content\/uploads\/2026\/04\/avatar_compressed-150x150.jpg 150w, https:\/\/wp17.cours-copm2061.helha.be\/wp-content\/uploads\/2026\/04\/avatar_compressed-768x768.jpg 768w, https:\/\/wp17.cours-copm2061.helha.be\/wp-content\/uploads\/2026\/04\/avatar_compressed.jpg 1254w\" sizes=\"auto, (max-width: 1024px) 100vw, 1024px\" \/><\/figure><div class=\"wp-block-media-text__content\">\n<p>Victoria : \u2b50\ufe0f\u2b50\ufe0f\u2b50\ufe0f\u2b50\ufe0f\u2b50\ufe0f\/5<\/p>\n\n\n\n<p>Coinc\u00e9s en cours\u2026 mais avec \u00e7a, petit voyage direct en Espagne \ud83c\uddea\ud83c\uddf8\ud83d\udd25<br>\u00c7a sauve la journ\u00e9e \ud83d\ude2d<\/p>\n<\/div><\/div>\n\n\n\n<div class=\"wp-block-media-text is-stacked-on-mobile\" style=\"grid-template-columns:27% auto\"><figure class=\"wp-block-media-text__media\"><img loading=\"lazy\" decoding=\"async\" width=\"1024\" height=\"1024\" src=\"https:\/\/wp17.cours-copm2061.helha.be\/wp-content\/uploads\/2026\/04\/avatar_homme_compressed-1024x1024.jpg\" alt=\"\" class=\"wp-image-174 size-full\" srcset=\"https:\/\/wp17.cours-copm2061.helha.be\/wp-content\/uploads\/2026\/04\/avatar_homme_compressed-1024x1024.jpg 1024w, https:\/\/wp17.cours-copm2061.helha.be\/wp-content\/uploads\/2026\/04\/avatar_homme_compressed-300x300.jpg 300w, https:\/\/wp17.cours-copm2061.helha.be\/wp-content\/uploads\/2026\/04\/avatar_homme_compressed-150x150.jpg 150w, https:\/\/wp17.cours-copm2061.helha.be\/wp-content\/uploads\/2026\/04\/avatar_homme_compressed-768x768.jpg 768w, https:\/\/wp17.cours-copm2061.helha.be\/wp-content\/uploads\/2026\/04\/avatar_homme_compressed.jpg 1254w\" sizes=\"auto, (max-width: 1024px) 100vw, 1024px\" \/><\/figure><div class=\"wp-block-media-text__content\">\n<p>No\u00e9 \u2b50\ufe0f\u2b50\ufe0f\u2b50\ufe0f\u2b50\ufe0f\/5 : <\/p>\n\n\n\n<p>Celles au fromage\u2026 une dinguerie <br>Impossible de s\u2019arr\u00eater \u00e0 4 \ud83d\ude02<\/p>\n<\/div><\/div>\n\n\n\n<div class=\"wp-block-media-text is-stacked-on-mobile\" style=\"grid-template-columns:27% auto\"><figure class=\"wp-block-media-text__media\"><img loading=\"lazy\" decoding=\"async\" width=\"1024\" height=\"1024\" src=\"https:\/\/wp17.cours-copm2061.helha.be\/wp-content\/uploads\/2026\/04\/avatar_ado_compressed-1024x1024.jpg\" alt=\"\" class=\"wp-image-175 size-full\" srcset=\"https:\/\/wp17.cours-copm2061.helha.be\/wp-content\/uploads\/2026\/04\/avatar_ado_compressed-1024x1024.jpg 1024w, https:\/\/wp17.cours-copm2061.helha.be\/wp-content\/uploads\/2026\/04\/avatar_ado_compressed-300x300.jpg 300w, https:\/\/wp17.cours-copm2061.helha.be\/wp-content\/uploads\/2026\/04\/avatar_ado_compressed-150x150.jpg 150w, https:\/\/wp17.cours-copm2061.helha.be\/wp-content\/uploads\/2026\/04\/avatar_ado_compressed-768x768.jpg 768w, https:\/\/wp17.cours-copm2061.helha.be\/wp-content\/uploads\/2026\/04\/avatar_ado_compressed.jpg 1254w\" sizes=\"auto, (max-width: 1024px) 100vw, 1024px\" \/><\/figure><div class=\"wp-block-media-text__content\">\n<p>Camille \u2b50\ufe0f\u2b50\ufe0f\u2b50\ufe0f\u2b50\ufe0f\u2b50\ufe0f\/5 :<\/p>\n\n\n\n<p>Le concept est incroyable + super rapide \ud83e\udd17<br>Parfait entre deux cours <\/p>\n<\/div><\/div>\n\n\n\n<div class=\"wp-block-media-text is-stacked-on-mobile\" style=\"grid-template-columns:27% auto\"><figure class=\"wp-block-media-text__media\"><img loading=\"lazy\" decoding=\"async\" width=\"1024\" height=\"1024\" src=\"https:\/\/wp17.cours-copm2061.helha.be\/wp-content\/uploads\/2026\/04\/avatar_roux_compressed-1024x1024.jpg\" alt=\"\" class=\"wp-image-179 size-full\" srcset=\"https:\/\/wp17.cours-copm2061.helha.be\/wp-content\/uploads\/2026\/04\/avatar_roux_compressed-1024x1024.jpg 1024w, https:\/\/wp17.cours-copm2061.helha.be\/wp-content\/uploads\/2026\/04\/avatar_roux_compressed-300x300.jpg 300w, https:\/\/wp17.cours-copm2061.helha.be\/wp-content\/uploads\/2026\/04\/avatar_roux_compressed-150x150.jpg 150w, https:\/\/wp17.cours-copm2061.helha.be\/wp-content\/uploads\/2026\/04\/avatar_roux_compressed-768x768.jpg 768w, https:\/\/wp17.cours-copm2061.helha.be\/wp-content\/uploads\/2026\/04\/avatar_roux_compressed.jpg 1254w\" sizes=\"auto, (max-width: 1024px) 100vw, 1024px\" \/><\/figure><div class=\"wp-block-media-text__content\">\n<p>Victor : \u2b50\ufe0f\u2b50\ufe0f\u2b50\ufe0f\u2b50\ufe0f\u2b50\ufe0f\/5 : <\/p>\n\n\n\n<p>On devait juste prendre un snack\u2026 on est repartis avec une bo\u00eete enti\u00e8re \ud83d\ude05<br>Impossible de r\u00e9sister.<\/p>\n<\/div><\/div>\n\n\n\n<div style=\"height:40px\" aria-hidden=\"true\" class=\"wp-block-spacer\"><\/div>\n\n\n\n<div class=\"wp-block-comments\">\n<p>\u00c0 votre tour maintenant \ud83d\ude09<\/p>\n\n\n\t<div id=\"respond\" class=\"comment-respond wp-block-post-comments-form\">\n\t\t<h3 id=\"reply-title\" class=\"comment-reply-title\">Laisser un commentaire <small><a rel=\"nofollow\" id=\"cancel-comment-reply-link\" href=\"\/index.php?rest_route=%2Fwp%2Fv2%2Fpages%2F2#respond\" style=\"display:none;\">Annuler la r\u00e9ponse<\/a><\/small><\/h3><form action=\"https:\/\/wp17.cours-copm2061.helha.be\/wp-comments-post.php\" method=\"post\" id=\"commentform\" class=\"comment-form\"><p class=\"comment-notes\"><span id=\"email-notes\">Votre adresse e-mail ne sera pas publi\u00e9e.<\/span> <span class=\"required-field-message\">Les champs obligatoires sont indiqu\u00e9s avec <span class=\"required\">*<\/span><\/span><\/p><p class=\"comment-form-comment\"><label for=\"comment\">Commentaire <span class=\"required\">*<\/span><\/label> <textarea id=\"comment\" name=\"comment\" cols=\"45\" rows=\"8\" maxlength=\"65525\" required><\/textarea><\/p><p class=\"comment-form-author\"><label for=\"author\">Nom <span class=\"required\">*<\/span><\/label> <input id=\"author\" name=\"author\" type=\"text\" value=\"\" size=\"30\" maxlength=\"245\" autocomplete=\"name\" required \/><\/p>\n<p class=\"comment-form-email\"><label for=\"email\">E-mail <span class=\"required\">*<\/span><\/label> <input id=\"email\" name=\"email\" type=\"email\" value=\"\" size=\"30\" maxlength=\"100\" aria-describedby=\"email-notes\" autocomplete=\"email\" required \/><\/p>\n<p class=\"comment-form-url\"><label for=\"url\">Site web<\/label> <input id=\"url\" name=\"url\" type=\"url\" value=\"\" size=\"30\" maxlength=\"200\" autocomplete=\"url\" \/><\/p>\n<p class=\"comment-form-cookies-consent\"><input id=\"wp-comment-cookies-consent\" name=\"wp-comment-cookies-consent\" type=\"checkbox\" value=\"yes\" \/> <label for=\"wp-comment-cookies-consent\">Enregistrer mon nom, mon e-mail et mon site dans le navigateur pour mon prochain commentaire.<\/label><\/p>\n<p class=\"form-submit wp-block-button\"><input name=\"submit\" type=\"submit\" id=\"submit\" class=\"wp-block-button__link wp-element-button\" value=\"Laisser un commentaire\" \/> <input type='hidden' name='comment_post_ID' value='2' id='comment_post_ID' \/>\n<input type='hidden' name='comment_parent' id='comment_parent' value='0' \/>\n<\/p><p style=\"display: none !important;\" class=\"akismet-fields-container\" data-prefix=\"ak_\"><label>&#916;<textarea name=\"ak_hp_textarea\" cols=\"45\" rows=\"8\" maxlength=\"100\"><\/textarea><\/label><input type=\"hidden\" id=\"ak_js_1\" name=\"ak_js\" value=\"62\"\/><script>document.getElementById( \"ak_js_1\" ).setAttribute( \"value\", ( new Date() ).getTime() );<\/script><\/p><\/form>\t<\/div><!-- #respond -->\n\t<\/div>\n","protected":false},"excerpt":{"rendered":"<p>Ils ont go\u00fbt\u00e9&#8230; Ils ont craqu\u00e9 ! Victoria : \u2b50\ufe0f\u2b50\ufe0f\u2b50\ufe0f\u2b50\ufe0f\u2b50\ufe0f\/5 Coinc\u00e9s en cours\u2026 mais avec \u00e7a, petit voyage direct en Espagne \ud83c\uddea\ud83c\uddf8\ud83d\udd25\u00c7a sauve la journ\u00e9e \ud83d\ude2d No\u00e9 \u2b50\ufe0f\u2b50\ufe0f\u2b50\ufe0f\u2b50\ufe0f\/5 : Celles au fromage\u2026 une dinguerie Impossible de s\u2019arr\u00eater \u00e0 4 \ud83d\ude02 Camille \u2b50\ufe0f\u2b50\ufe0f\u2b50\ufe0f\u2b50\ufe0f\u2b50\ufe0f\/5 : Le concept est incroyable + super rapide \ud83e\udd17Parfait entre deux cours Victor [&hellip;]<\/p>\n","protected":false},"author":1,"featured_media":0,"parent":0,"menu_order":0,"comment_status":"open","ping_status":"open","template":"","meta":{"footnotes":""},"class_list":["post-2","page","type-page","status-publish","hentry"],"yoast_head":"<!-- This site is optimized with the Yoast SEO plugin v27.2 - https:\/\/yoast.com\/product\/yoast-seo-wordpress\/ -->\n<title>Avis clients - LAS CROQUETAS<\/title>\n<meta name=\"robots\" content=\"index, follow, max-snippet:-1, max-image-preview:large, max-video-preview:-1\" \/>\n<link rel=\"canonical\" href=\"https:\/\/wp17.cours-copm2061.helha.be\/?page_id=2\" \/>\n<meta property=\"og:locale\" content=\"fr_FR\" \/>\n<meta property=\"og:type\" content=\"article\" \/>\n<meta property=\"og:title\" content=\"Avis clients - LAS CROQUETAS\" \/>\n<meta property=\"og:description\" content=\"Ils ont go\u00fbt\u00e9&#8230; Ils ont craqu\u00e9 ! Victoria : \u2b50\ufe0f\u2b50\ufe0f\u2b50\ufe0f\u2b50\ufe0f\u2b50\ufe0f\/5 Coinc\u00e9s en cours\u2026 mais avec \u00e7a, petit voyage direct en Espagne \ud83c\uddea\ud83c\uddf8\ud83d\udd25\u00c7a sauve la journ\u00e9e \ud83d\ude2d No\u00e9 \u2b50\ufe0f\u2b50\ufe0f\u2b50\ufe0f\u2b50\ufe0f\/5 : Celles au fromage\u2026 une dinguerie Impossible de s\u2019arr\u00eater \u00e0 4 \ud83d\ude02 Camille \u2b50\ufe0f\u2b50\ufe0f\u2b50\ufe0f\u2b50\ufe0f\u2b50\ufe0f\/5 : Le concept est incroyable + super rapide \ud83e\udd17Parfait entre deux cours Victor [&hellip;]\" \/>\n<meta property=\"og:url\" content=\"https:\/\/wp17.cours-copm2061.helha.be\/?page_id=2\" \/>\n<meta property=\"og:site_name\" content=\"LAS CROQUETAS\" \/>\n<meta property=\"article:modified_time\" content=\"2026-04-24T13:31:06+00:00\" \/>\n<meta property=\"og:image\" content=\"https:\/\/wp17.cours-copm2061.helha.be\/wp-content\/uploads\/2026\/04\/avatar_compressed.jpg\" \/>\n\t<meta property=\"og:image:width\" content=\"1254\" \/>\n\t<meta property=\"og:image:height\" content=\"1254\" \/>\n\t<meta property=\"og:image:type\" content=\"image\/jpeg\" \/>\n<meta name=\"twitter:card\" content=\"summary_large_image\" \/>\n<meta name=\"twitter:label1\" content=\"Dur\u00e9e de lecture estim\u00e9e\" \/>\n\t<meta name=\"twitter:data1\" content=\"2 minutes\" \/>\n<script type=\"application\/ld+json\" class=\"yoast-schema-graph\">{\"@context\":\"https:\/\/schema.org\",\"@graph\":[{\"@type\":\"WebPage\",\"@id\":\"https:\/\/wp17.cours-copm2061.helha.be\/?page_id=2\",\"url\":\"https:\/\/wp17.cours-copm2061.helha.be\/?page_id=2\",\"name\":\"Avis clients - LAS CROQUETAS\",\"isPartOf\":{\"@id\":\"https:\/\/wp17.cours-copm2061.helha.be\/#website\"},\"primaryImageOfPage\":{\"@id\":\"https:\/\/wp17.cours-copm2061.helha.be\/?page_id=2#primaryimage\"},\"image\":{\"@id\":\"https:\/\/wp17.cours-copm2061.helha.be\/?page_id=2#primaryimage\"},\"thumbnailUrl\":\"https:\/\/wp17.cours-copm2061.helha.be\/wp-content\/uploads\/2026\/04\/avatar_compressed-1024x1024.jpg\",\"datePublished\":\"2026-03-27T13:19:37+00:00\",\"dateModified\":\"2026-04-24T13:31:06+00:00\",\"breadcrumb\":{\"@id\":\"https:\/\/wp17.cours-copm2061.helha.be\/?page_id=2#breadcrumb\"},\"inLanguage\":\"fr-FR\",\"potentialAction\":[{\"@type\":\"ReadAction\",\"target\":[\"https:\/\/wp17.cours-copm2061.helha.be\/?page_id=2\"]}]},{\"@type\":\"ImageObject\",\"inLanguage\":\"fr-FR\",\"@id\":\"https:\/\/wp17.cours-copm2061.helha.be\/?page_id=2#primaryimage\",\"url\":\"https:\/\/wp17.cours-copm2061.helha.be\/wp-content\/uploads\/2026\/04\/avatar_compressed.jpg\",\"contentUrl\":\"https:\/\/wp17.cours-copm2061.helha.be\/wp-content\/uploads\/2026\/04\/avatar_compressed.jpg\",\"width\":1254,\"height\":1254},{\"@type\":\"BreadcrumbList\",\"@id\":\"https:\/\/wp17.cours-copm2061.helha.be\/?page_id=2#breadcrumb\",\"itemListElement\":[{\"@type\":\"ListItem\",\"position\":1,\"name\":\"Accueil\",\"item\":\"https:\/\/wp17.cours-copm2061.helha.be\/\"},{\"@type\":\"ListItem\",\"position\":2,\"name\":\"Avis clients\"}]},{\"@type\":\"WebSite\",\"@id\":\"https:\/\/wp17.cours-copm2061.helha.be\/#website\",\"url\":\"https:\/\/wp17.cours-copm2061.helha.be\/\",\"name\":\"LAS CROQUETAS\",\"description\":\"Croquez, savourez et finissez rassasi\u00e9\",\"publisher\":{\"@id\":\"https:\/\/wp17.cours-copm2061.helha.be\/#organization\"},\"potentialAction\":[{\"@type\":\"SearchAction\",\"target\":{\"@type\":\"EntryPoint\",\"urlTemplate\":\"https:\/\/wp17.cours-copm2061.helha.be\/?s={search_term_string}\"},\"query-input\":{\"@type\":\"PropertyValueSpecification\",\"valueRequired\":true,\"valueName\":\"search_term_string\"}}],\"inLanguage\":\"fr-FR\"},{\"@type\":\"Organization\",\"@id\":\"https:\/\/wp17.cours-copm2061.helha.be\/#organization\",\"name\":\"LAS CROQUETAS\",\"url\":\"https:\/\/wp17.cours-copm2061.helha.be\/\",\"logo\":{\"@type\":\"ImageObject\",\"inLanguage\":\"fr-FR\",\"@id\":\"https:\/\/wp17.cours-copm2061.helha.be\/#\/schema\/logo\/image\/\",\"url\":\"https:\/\/wp17.cours-copm2061.helha.be\/wp-content\/uploads\/2026\/04\/Capture-decran-2026-03-26-a-14.35.58.png\",\"contentUrl\":\"https:\/\/wp17.cours-copm2061.helha.be\/wp-content\/uploads\/2026\/04\/Capture-decran-2026-03-26-a-14.35.58.png\",\"width\":1203,\"height\":1182,\"caption\":\"LAS CROQUETAS\"},\"image\":{\"@id\":\"https:\/\/wp17.cours-copm2061.helha.be\/#\/schema\/logo\/image\/\"}}]}<\/script>\n<!-- \/ Yoast SEO plugin. -->","yoast_head_json":{"title":"Avis clients - LAS CROQUETAS","robots":{"index":"index","follow":"follow","max-snippet":"max-snippet:-1","max-image-preview":"max-image-preview:large","max-video-preview":"max-video-preview:-1"},"canonical":"https:\/\/wp17.cours-copm2061.helha.be\/?page_id=2","og_locale":"fr_FR","og_type":"article","og_title":"Avis clients - LAS CROQUETAS","og_description":"Ils ont go\u00fbt\u00e9&#8230; Ils ont craqu\u00e9 ! Victoria : \u2b50\ufe0f\u2b50\ufe0f\u2b50\ufe0f\u2b50\ufe0f\u2b50\ufe0f\/5 Coinc\u00e9s en cours\u2026 mais avec \u00e7a, petit voyage direct en Espagne \ud83c\uddea\ud83c\uddf8\ud83d\udd25\u00c7a sauve la journ\u00e9e \ud83d\ude2d No\u00e9 \u2b50\ufe0f\u2b50\ufe0f\u2b50\ufe0f\u2b50\ufe0f\/5 : Celles au fromage\u2026 une dinguerie Impossible de s\u2019arr\u00eater \u00e0 4 \ud83d\ude02 Camille \u2b50\ufe0f\u2b50\ufe0f\u2b50\ufe0f\u2b50\ufe0f\u2b50\ufe0f\/5 : Le concept est incroyable + super rapide \ud83e\udd17Parfait entre deux cours Victor [&hellip;]","og_url":"https:\/\/wp17.cours-copm2061.helha.be\/?page_id=2","og_site_name":"LAS CROQUETAS","article_modified_time":"2026-04-24T13:31:06+00:00","og_image":[{"width":1254,"height":1254,"url":"https:\/\/wp17.cours-copm2061.helha.be\/wp-content\/uploads\/2026\/04\/avatar_compressed.jpg","type":"image\/jpeg"}],"twitter_card":"summary_large_image","twitter_misc":{"Dur\u00e9e de lecture estim\u00e9e":"2 minutes"},"schema":{"@context":"https:\/\/schema.org","@graph":[{"@type":"WebPage","@id":"https:\/\/wp17.cours-copm2061.helha.be\/?page_id=2","url":"https:\/\/wp17.cours-copm2061.helha.be\/?page_id=2","name":"Avis clients - LAS CROQUETAS","isPartOf":{"@id":"https:\/\/wp17.cours-copm2061.helha.be\/#website"},"primaryImageOfPage":{"@id":"https:\/\/wp17.cours-copm2061.helha.be\/?page_id=2#primaryimage"},"image":{"@id":"https:\/\/wp17.cours-copm2061.helha.be\/?page_id=2#primaryimage"},"thumbnailUrl":"https:\/\/wp17.cours-copm2061.helha.be\/wp-content\/uploads\/2026\/04\/avatar_compressed-1024x1024.jpg","datePublished":"2026-03-27T13:19:37+00:00","dateModified":"2026-04-24T13:31:06+00:00","breadcrumb":{"@id":"https:\/\/wp17.cours-copm2061.helha.be\/?page_id=2#breadcrumb"},"inLanguage":"fr-FR","potentialAction":[{"@type":"ReadAction","target":["https:\/\/wp17.cours-copm2061.helha.be\/?page_id=2"]}]},{"@type":"ImageObject","inLanguage":"fr-FR","@id":"https:\/\/wp17.cours-copm2061.helha.be\/?page_id=2#primaryimage","url":"https:\/\/wp17.cours-copm2061.helha.be\/wp-content\/uploads\/2026\/04\/avatar_compressed.jpg","contentUrl":"https:\/\/wp17.cours-copm2061.helha.be\/wp-content\/uploads\/2026\/04\/avatar_compressed.jpg","width":1254,"height":1254},{"@type":"BreadcrumbList","@id":"https:\/\/wp17.cours-copm2061.helha.be\/?page_id=2#breadcrumb","itemListElement":[{"@type":"ListItem","position":1,"name":"Accueil","item":"https:\/\/wp17.cours-copm2061.helha.be\/"},{"@type":"ListItem","position":2,"name":"Avis clients"}]},{"@type":"WebSite","@id":"https:\/\/wp17.cours-copm2061.helha.be\/#website","url":"https:\/\/wp17.cours-copm2061.helha.be\/","name":"LAS CROQUETAS","description":"Croquez, savourez et finissez rassasi\u00e9","publisher":{"@id":"https:\/\/wp17.cours-copm2061.helha.be\/#organization"},"potentialAction":[{"@type":"SearchAction","target":{"@type":"EntryPoint","urlTemplate":"https:\/\/wp17.cours-copm2061.helha.be\/?s={search_term_string}"},"query-input":{"@type":"PropertyValueSpecification","valueRequired":true,"valueName":"search_term_string"}}],"inLanguage":"fr-FR"},{"@type":"Organization","@id":"https:\/\/wp17.cours-copm2061.helha.be\/#organization","name":"LAS CROQUETAS","url":"https:\/\/wp17.cours-copm2061.helha.be\/","logo":{"@type":"ImageObject","inLanguage":"fr-FR","@id":"https:\/\/wp17.cours-copm2061.helha.be\/#\/schema\/logo\/image\/","url":"https:\/\/wp17.cours-copm2061.helha.be\/wp-content\/uploads\/2026\/04\/Capture-decran-2026-03-26-a-14.35.58.png","contentUrl":"https:\/\/wp17.cours-copm2061.helha.be\/wp-content\/uploads\/2026\/04\/Capture-decran-2026-03-26-a-14.35.58.png","width":1203,"height":1182,"caption":"LAS CROQUETAS"},"image":{"@id":"https:\/\/wp17.cours-copm2061.helha.be\/#\/schema\/logo\/image\/"}}]}},"_links":{"self":[{"href":"https:\/\/wp17.cours-copm2061.helha.be\/index.php?rest_route=\/wp\/v2\/pages\/2","targetHints":{"allow":["GET"]}}],"collection":[{"href":"https:\/\/wp17.cours-copm2061.helha.be\/index.php?rest_route=\/wp\/v2\/pages"}],"about":[{"href":"https:\/\/wp17.cours-copm2061.helha.be\/index.php?rest_route=\/wp\/v2\/types\/page"}],"author":[{"embeddable":true,"href":"https:\/\/wp17.cours-copm2061.helha.be\/index.php?rest_route=\/wp\/v2\/users\/1"}],"replies":[{"embeddable":true,"href":"https:\/\/wp17.cours-copm2061.helha.be\/index.php?rest_route=%2Fwp%2Fv2%2Fcomments&post=2"}],"version-history":[{"count":9,"href":"https:\/\/wp17.cours-copm2061.helha.be\/index.php?rest_route=\/wp\/v2\/pages\/2\/revisions"}],"predecessor-version":[{"id":186,"href":"https:\/\/wp17.cours-copm2061.helha.be\/index.php?rest_route=\/wp\/v2\/pages\/2\/revisions\/186"}],"wp:attachment":[{"href":"https:\/\/wp17.cours-copm2061.helha.be\/index.php?rest_route=%2Fwp%2Fv2%2Fmedia&parent=2"}],"curies":[{"name":"wp","href":"https:\/\/api.w.org\/{rel}","templated":true}]}}